{"id":961,"date":"2026-02-24T15:10:29","date_gmt":"2026-02-24T15:10:29","guid":{"rendered":"https:\/\/belgiumpatent.be\/instituut\/commissie-jonge-leden-2\/"},"modified":"2026-04-15T15:18:55","modified_gmt":"2026-04-15T15:18:55","slug":"commissie-jonge-leden-2","status":"publish","type":"page","link":"https:\/\/belgiumpatent.be\/nl\/instituut\/commissie-jonge-leden-2\/","title":{"rendered":"Commissie Jonge Leden"},"content":{"rendered":"<div class=\"wpb-content-wrapper\"><p>[vc_row][vc_column width=&#8221;3\/12&#8243; el_class=&#8221;statuts&#8221;][vc_row_inner equal_height=&#8221;yes&#8221; content_placement=&#8221;middle&#8221; el_class=&#8221;president&#8221; css=&#8221;.vc_custom_1765418548891{margin-bottom: 10px !important;padding-top: 15px !important;padding-bottom: 15px !important;}&#8221;][vc_column_inner width=&#8221;4\/12&#8243;][vc_single_image image=&#8221;790&#8243; css=&#8221;.vc_custom_1774649547798{margin-bottom: 0px !important;}&#8221;][\/vc_column_inner][vc_column_inner width=&#8221;8\/12&#8243;][vc_column_text css=&#8221;.vc_custom_1774885307152{margin-bottom: 0px !important;}&#8221;]<strong><span class=\"TextRun SCXW77085281 BCX0\" lang=\"NL-NL\" xml:lang=\"NL-NL\" data-contrast=\"none\"><span class=\"NormalTextRun SCXW77085281 BCX0\"><span style=\"color: #ffffff;\">Youri De Groote<\/span><\/span><\/span><\/strong>[\/vc_column_text][vc_column_text css=&#8221;.vc_custom_1774989688413{margin-bottom: 0px !important;}&#8221; el_class=&#8221;mail&#8221;]<a href=\"mailto:youri.de.groote@belgiumpatent.be\"><img loading=\"lazy\" decoding=\"async\" width=\"20\" height=\"20\" class=\"alignnone size-full wp-image-1160\" src=\"https:\/\/belgiumpatent.be\/wp-content\/uploads\/Letter.png\" alt=\"\" \/><\/a>[\/vc_column_text][vc_column_text css=&#8221;.vc_custom_1765418183802{margin-bottom: 0px !important;}&#8221; el_class=&#8221;tag&#8221;]Voorzitter[\/vc_column_text][\/vc_column_inner][\/vc_row_inner][vc_row_inner equal_height=&#8221;yes&#8221; content_placement=&#8221;middle&#8221; el_class=&#8221;observateur&#8221; css=&#8221;.vc_custom_1765418585599{margin-bottom: 10px !important;padding-top: 15px !important;padding-bottom: 15px !important;}&#8221;][vc_column_inner width=&#8221;4\/12&#8243;][vc_single_image image=&#8221;791&#8243; css=&#8221;.vc_custom_1774649560416{margin-bottom: 0px !important;}&#8221;][\/vc_column_inner][vc_column_inner width=&#8221;8\/12&#8243;][vc_column_text css=&#8221;.vc_custom_1771945857887{margin-bottom: 0px !important;}&#8221;]<strong>Stefania Acciardo<\/strong>[\/vc_column_text][vc_column_text css=&#8221;.vc_custom_1774989704241{margin-bottom: 0px !important;}&#8221; el_class=&#8221;mail&#8221;]<a href=\"mailto:stefania.acciardo@belgiumpatent.be\"><img loading=\"lazy\" decoding=\"async\" width=\"20\" height=\"20\" class=\"alignnone size-full wp-image-1161\" src=\"https:\/\/belgiumpatent.be\/wp-content\/uploads\/Letter-1.png\" alt=\"\" \/><\/a>[\/vc_column_text][vc_column_text css=&#8221;.vc_custom_1771945866779{margin-bottom: 0px !important;}&#8221; el_class=&#8221;tag&#8221;]Observator[\/vc_column_text][\/vc_column_inner][\/vc_row_inner][vc_row_inner equal_height=&#8221;yes&#8221; content_placement=&#8221;middle&#8221; el_class=&#8221;observateur&#8221; css=&#8221;.vc_custom_1765418585599{margin-bottom: 10px !important;padding-top: 15px !important;padding-bottom: 15px !important;}&#8221;][vc_column_inner width=&#8221;4\/12&#8243;][vc_single_image image=&#8221;792&#8243; css=&#8221;.vc_custom_1774649617280{margin-bottom: 0px !important;}&#8221;][\/vc_column_inner][vc_column_inner width=&#8221;8\/12&#8243;][vc_column_text css=&#8221;.vc_custom_1771947539575{margin-bottom: 0px !important;}&#8221;]<strong>Matthieu Buchkremer<\/strong>[\/vc_column_text][vc_column_text css=&#8221;.vc_custom_1774861851585{margin-bottom: 0px !important;}&#8221; el_class=&#8221;tag&#8221;]Lid[\/vc_column_text][\/vc_column_inner][\/vc_row_inner][vc_row_inner equal_height=&#8221;yes&#8221; content_placement=&#8221;middle&#8221; el_class=&#8221;observateur&#8221; css=&#8221;.vc_custom_1765418585599{margin-bottom: 10px !important;padding-top: 15px !important;padding-bottom: 15px !important;}&#8221;][vc_column_inner width=&#8221;4\/12&#8243;][vc_single_image image=&#8221;793&#8243; css=&#8221;.vc_custom_1774649693896{margin-bottom: 0px !important;}&#8221;][\/vc_column_inner][vc_column_inner width=&#8221;8\/12&#8243;][vc_column_text css=&#8221;.vc_custom_1771947555163{margin-bottom: 0px !important;}&#8221;]<strong>Romain Lobera <\/strong>[\/vc_column_text][vc_column_text css=&#8221;.vc_custom_1774861827275{margin-bottom: 0px !important;}&#8221; el_class=&#8221;tag&#8221;]Lid[\/vc_column_text][\/vc_column_inner][\/vc_row_inner][vc_row_inner equal_height=&#8221;yes&#8221; content_placement=&#8221;middle&#8221; el_class=&#8221;observateur&#8221; css=&#8221;.vc_custom_1765418585599{margin-bottom: 10px !important;padding-top: 15px !important;padding-bottom: 15px !important;}&#8221;][vc_column_inner width=&#8221;4\/12&#8243;][vc_single_image image=&#8221;828&#8243; css=&#8221;.vc_custom_1774861727108{margin-bottom: 0px !important;}&#8221;][\/vc_column_inner][vc_column_inner width=&#8221;8\/12&#8243;][vc_column_text css=&#8221;.vc_custom_1771947566810{margin-bottom: 0px !important;}&#8221;]<strong>Mathieu Palate <\/strong>[\/vc_column_text][vc_column_text css=&#8221;.vc_custom_1774649717381{margin-bottom: 0px !important;}&#8221; el_class=&#8221;tag&#8221;]Lid[\/vc_column_text][\/vc_column_inner][\/vc_row_inner][\/vc_column][vc_column width=&#8221;1\/12&#8243;][\/vc_column][vc_column width=&#8221;8\/12&#8243;][vc_column_text]<\/p>\n<h4>DOELSTELLINGEN<\/h4>\n<p>[\/vc_column_text][vc_column_text css=&#8221;&#8221;]Deze commissie, bestaande uit leden van wie het ministerieel besluit betreffende de registratie van erkende gemachtigden de afgelopen 5 jaar is gepubliceerd, zal de belangen van nieuwe leden behartigen en zal over hun integratie in het Instituut waken.<\/p>\n<p>&nbsp;<\/p>\n<p>Deze commissie poogt een brug te vormen tussen het \u201cin opleiding\u201d zijn en het \u201cjonge gemachtigde\u201d zijn. Wat is bijvoorbeeld het belang van het instituut? Wat zijn mijn rechten en verplichtingen als gemachtigde etc.[\/vc_column_text][vc_column_text css=&#8221;&#8221;]<\/p>\n<h4>PROJECTEN<\/h4>\n<p>[\/vc_column_text][vc_column_text css=&#8221;&#8221;]<strong>Ondersteuning \u2013<\/strong> Het samenstellen van een \u201cWelcome Pack\u201d voor nieuwe leden en ondersteuning bij het BE examen vlak v\u00f3\u00f3r en vlak n\u00e1 het examen lijken de meest voor de hand liggende initiatieven waar snel mee aan de slag kan gegaan worden.<\/p>\n<p>&nbsp;<\/p>\n<p><strong>PR <\/strong>\u2013 In samenwerking met de PR Commissie wordt er gedacht aan het presenteren van recent geslaagde BE gemachtigden, een website te voorzien van bijgewerkte leden met eventuele korte bio om uitwisselingen te vereenvoudigen, en ondersteuning te bieden op de website voor de inschrijvingsprocedure van het (BE) examen . Er wordt ook overwogen om ten minste \u00e9\u00e9n bijeenkomst te organiseren v\u00f3\u00f3r of na afloop van het BE examen.<\/p>\n<p>&nbsp;<\/p>\n<p><strong>Opleiding \u2013<\/strong> In samenwerking met de Opleidingscommissie wordt er nagedacht over een gecentraliseerd opleidingsvoorstel. Er wordt eveneens nagedacht over het onderzoeken naar een mogelijke opschorting van de permanente opleidingsverplichting tot een aantal jaar na het EQE.[\/vc_column_text][\/vc_column][\/vc_row]<\/p>\n<\/div>","protected":false},"excerpt":{"rendered":"[vc_row][vc_column width=&#8221;3\/12&#8243; el_class=&#8221;statuts&#8221;][vc_row_inner equal_height=&#8221;yes&#8221; content_placement=&#8221;middle&#8221; el_class=&#8221;president&#8221; css=&#8221;.vc_custom_1765418548891{margin-bottom: 10px !important;padding-top: 15px !important;padding-bottom: 15px !important;}&#8221;][vc_column_inner width=&#8221;4\/12&#8243;][vc_single_image image=&#8221;790&#8243; css=&#8221;.vc_custom_1774649547798{margin-bottom: 0px !important;}&#8221;][\/vc_column_inner][vc_column_inner width=&#8221;8\/12&#8243;][vc_column_text css=&#8221;.vc_custom_1774885307152{margin-bottom: 0px !important;}&#8221;]Youri De Groote[\/vc_column_text][vc_column_text css=&#8221;.vc_custom_1774989688413{margin-bottom: 0px !important;}&#8221; el_class=&#8221;mail&#8221;][\/vc_column_text][vc_column_text css=&#8221;.vc_custom_1765418183802{margin-bottom: 0px !important;}&#8221; el_class=&#8221;tag&#8221;]Voorzitter[\/vc_column_text][\/vc_column_inner][\/vc_row_inner][vc_row_inner equal_height=&#8221;yes&#8221; content_placement=&#8221;middle&#8221; el_class=&#8221;observateur&#8221; css=&#8221;.vc_custom_1765418585599{margin-bottom: 10px !important;padding-top: 15px !important;padding-bottom: 15px !important;}&#8221;][vc_column_inner width=&#8221;4\/12&#8243;][vc_single_image image=&#8221;791&#8243; css=&#8221;.vc_custom_1774649560416{margin-bottom: 0px !important;}&#8221;][\/vc_column_inner][vc_column_inner width=&#8221;8\/12&#8243;][vc_column_text css=&#8221;.vc_custom_1771945857887{margin-bottom: 0px !important;}&#8221;]Stefania Acciardo[\/vc_column_text][vc_column_text css=&#8221;.vc_custom_1774989704241{margin-bottom: 0px !important;}&#8221;&#8230; <a class=\"view-article\" href=\"https:\/\/belgiumpatent.be\/nl\/instituut\/commissie-jonge-leden-2\/\">Bekijk Artikel<\/a>","protected":false},"author":5,"featured_media":0,"parent":518,"menu_order":0,"comment_status":"closed","ping_status":"closed","template":"","meta":{"_acf_changed":false,"footnotes":""},"class_list":["post-961","page","type-page","status-publish","hentry"],"acf":[],"_links":{"self":[{"href":"https:\/\/belgiumpatent.be\/nl\/wp-json\/wp\/v2\/pages\/961","targetHints":{"allow":["GET"]}}],"collection":[{"href":"https:\/\/belgiumpatent.be\/nl\/wp-json\/wp\/v2\/pages"}],"about":[{"href":"https:\/\/belgiumpatent.be\/nl\/wp-json\/wp\/v2\/types\/page"}],"author":[{"embeddable":true,"href":"https:\/\/belgiumpatent.be\/nl\/wp-json\/wp\/v2\/users\/5"}],"replies":[{"embeddable":true,"href":"https:\/\/belgiumpatent.be\/nl\/wp-json\/wp\/v2\/comments?post=961"}],"version-history":[{"count":19,"href":"https:\/\/belgiumpatent.be\/nl\/wp-json\/wp\/v2\/pages\/961\/revisions"}],"predecessor-version":[{"id":1937,"href":"https:\/\/belgiumpatent.be\/nl\/wp-json\/wp\/v2\/pages\/961\/revisions\/1937"}],"up":[{"embeddable":true,"href":"https:\/\/belgiumpatent.be\/nl\/wp-json\/wp\/v2\/pages\/518"}],"wp:attachment":[{"href":"https:\/\/belgiumpatent.be\/nl\/wp-json\/wp\/v2\/media?parent=961"}],"curies":[{"name":"wp","href":"https:\/\/api.w.org\/{rel}","templated":true}]}}