{"id":526,"date":"2026-02-23T11:16:53","date_gmt":"2026-02-23T11:16:53","guid":{"rendered":"https:\/\/belgiumpatent.be\/wet-reglement\/patent-law\/"},"modified":"2026-04-10T16:25:51","modified_gmt":"2026-04-10T16:25:51","slug":"patent-law","status":"publish","type":"page","link":"https:\/\/belgiumpatent.be\/nl\/wet-reglement\/patent-law\/","title":{"rendered":"Octrooirecht"},"content":{"rendered":"<div class=\"wpb-content-wrapper\"><p>[vc_row][vc_column][vc_column_text]<\/p>\n<h1><span class=\"TextRun SCXW7672032 BCX0\" lang=\"FR-BE\" xml:lang=\"FR-BE\" data-contrast=\"none\">Verkrijgen en handhaven van octrooien in Belgi\u00eb<\/span><span class=\"EOP SCXW7672032 BCX0\" data-ccp-props=\"{\"134245418\":true,\"134245529\":true,\"335559738\":240,\"335559739\":0}\"> <\/span><\/h1>\n<p>[\/vc_column_text][vc_column_text css=&#8221;&#8221;]<\/p>\n<h3><span class=\"TextRun SCXW24418162 BCX0\" lang=\"FR-BE\" xml:lang=\"FR-BE\" data-contrast=\"none\">Verkrijgen van een octrooi in Belgi\u00eb<\/span><span class=\"EOP SCXW24418162 BCX0\" data-ccp-props=\"{\"134245418\":true,\"134245529\":true,\"335559738\":40,\"335559739\":0}\"> <\/span><\/h3>\n<p>[\/vc_column_text][vc_column_text css=&#8221;&#8221;]Er zijn twee manieren om octrooibescherming in Belgi\u00eb te verkrijgen:<\/p>\n<p>&#8211; Door het aanvragen van een Belgisch octrooi, of<\/p>\n<p>&#8211; Door het verkrijgen van een Europees octrooi, en de nodige stappen ondernemen om het Europese octrooi uitwerking te laten hebben in Belgi\u00eb.<\/p>\n<p>Ook via een internationale aanvraag (PCT-aanvraag) kan een octrooi in Belgi\u00eb worden verkregen. Dit is mogelijk via het Europese octrooi (zie punt 2. Europese route), wanneer de internationale aanvraag wordt voortgezet als een Europese regionale aanvraag.<\/p>\n<p>[\/vc_column_text][vc_row_inner][vc_column_inner width=&#8221;1\/2&#8243;][vc_column_text css=&#8221;&#8221;]<\/p>\n<h4>1. Aanvragen van een Belgisch octrooi<\/h4>\n<p>Belgische octrooien worden verleend door de Belgische Dienst voor de Intellectuele Eigendom (DIE), een dienst van de Federale Overheidsdienst Economie, K.M.O., Middenstand en Energie.<\/p>\n<p>De procedure voor het verkrijgen van een Belgisch octrooi is een registratieprocedure, met uitsluitend een toetsing van de vormvereisten, maar zonder inhoudelijke toetsing. Het voorhanden zijn van een verslag van nieuwheidsonderzoek (opgesteld door het Europese Octrooibureau &#8211; EOB) is evenwel een noodzakelijke voorwaarde voor het verlenen van een Belgisch octrooi. Een Belgisch octrooi wordt verleend in \u00e9\u00e9n van de volgende drie talen: Nederlands, Frans of Duits.  <\/p>\n<p>De Belgische octrooiregelgeving is vervat in Boek XI van het Wetboek Economisch Recht (WER) en de Koninklijke Besluiten (KB):<\/p>\n<ul>\n<li>Boek XI WER: <a href=\"https:\/\/www.ejustice.just.fgov.be\/eli\/wet\/2013\/02\/28\/2013A11134\/justel#Art.XI.1\">Link<\/a><\/li>\n<li>KB 2 december 1986 betreffende het aanvragen, verlenen en in stand houden van uitvindingsoctrooien, laatst gewijzigd bij KB van 21 april 2024: <a href=\"https:\/\/www.ejustice.just.fgov.be\/eli\/besluit\/1986\/12\/02\/1986011377\/justel\">Link<\/a><\/li>\n<li>KB van 18 december 1986 betreffende de taksen en bijkomende taksen inzake uitvindingsoctrooien en inzake aanvullende beschermingscertificaten, gewijzigd bij KB van 24 september 2007: <a href=\"https:\/\/www.ejustice.just.fgov.be\/eli\/besluit\/1986\/12\/18\/1986011379\/justel\">Link<\/a><\/li>\n<\/ul>\n<p>Website DIE: <a href=\"https:\/\/economie.fgov.be\/nl\/themas\/intellectuele-eigendom\/belgische-dienst-voor-de\">Link<\/a><\/p>\n<p>De DIE heeft een aantal nuttige brochures opgesteld om u wegwijs te maken in de wereld van de intellectuele eigendom. Een overzicht van deze brochures vindt u hier: <a href=\"https:\/\/economie.fgov.be\/nl\/publicaties\/dienst-voor-de-intellectuele-5\">Link<\/a>[\/vc_column_text][\/vc_column_inner][vc_column_inner width=&#8221;1\/2&#8243;][vc_column_text css=&#8221;&#8221;]<\/p>\n<h4><span data-contrast=\"none\">2. Europese route voor octrooibescherming in Belgi\u00eb<\/span><span data-ccp-props=\"{\"134245418\":true,\"134245529\":true,\"335559738\":40,\"335559739\":0}\"> <\/span><\/h4>\n<p><span data-contrast=\"auto\">Door een Europees octrooi aan te vragen, is het ook mogelijk om octrooibescherming in Belgi\u00eb te verkrijgen. Europese octrooien worden verleend door het EOB, gevestigd in M\u00fcnchen (DE) en Rijswijk (NL). <\/span><span data-ccp-props=\"{}\"> <\/span><\/p>\n<p><span data-contrast=\"auto\">Een Europees octrooi wordt enkel verleend na een inhoudelijke toetsing. Het Europese octrooi wordt verleend in \u00e9\u00e9n van de drie offici\u00eble talen van het EOB: Engels, Frans of Duits.  <\/span><span data-ccp-props=\"{}\"> <\/span><\/p>\n<p><span data-contrast=\"auto\">Na de verlening van het Europese octrooi, moeten de nodige stappen worden ondernomen om het octrooi in Belgi\u00eb uitwerking te laten hebben. Er zijn twee manieren: <\/span><span data-ccp-props=\"{}\"> <\/span><\/p>\n<ol>\n<li aria-setsize=\"-1\" data-leveltext=\"%1.\" data-font=\"\" data-listid=\"4\" data-list-defn-props=\"{\"335552541\":0,\"335559685\":720,\"335559991\":360,\"469769242\":[65533,0],\"469777803\":\"left\",\"469777804\":\"%1.\",\"469777815\":\"hybridMultilevel\"}\" data-aria-posinset=\"1\" data-aria-level=\"1\"><span data-contrast=\"auto\">een klassieke validatieprocedure, met als enige verplichting het betalen van de jaarlijkse taksen voor de instandhouding van het Europese octrooi in Belgi\u00eb (we spreken in dit geval van het Belgische luik van een Europees octrooi),<\/span><span data-ccp-props=\"{}\"> <\/span><\/li>\n<\/ol>\n<ol>\n<li aria-setsize=\"-1\" data-leveltext=\"%1.\" data-font=\"\" data-listid=\"4\" data-list-defn-props=\"{\"335552541\":0,\"335559685\":720,\"335559991\":360,\"469769242\":[65533,0],\"469777803\":\"left\",\"469777804\":\"%1.\",\"469777815\":\"hybridMultilevel\"}\" data-aria-posinset=\"2\" data-aria-level=\"1\"><span data-contrast=\"auto\">door het aanvragen van eenheidswerking voor het Europese octrooi, waarbij het octrooi met eenheidswerking ook uitwerking heeft in Belgi\u00eb.<\/span><span data-ccp-props=\"{}\"> <\/span><\/li>\n<\/ol>\n<p><span data-contrast=\"auto\">De Europese octrooiwetgeving is vervat in het Europese Octrooiverdrag (EOV), de uitvoeringsbesluiten en de besluiten met betrekking tot de taksen (versies in het Engels):<\/span><span data-ccp-props=\"{}\"> <\/span><\/p>\n<ul>\n<li aria-setsize=\"-1\" data-leveltext=\"-\" data-font=\"Calibri\" data-listid=\"5\" data-list-defn-props=\"{\"335552541\":1,\"335559685\":720,\"335559991\":360,\"469769226\":\"Calibri\",\"469769242\":[8226],\"469777803\":\"left\",\"469777804\":\"-\",\"469777815\":\"hybridMultilevel\"}\" data-aria-posinset=\"4\" data-aria-level=\"1\"><span data-contrast=\"auto\">EOV : <\/span><a href=\"https:\/\/www.epo.org\/en\/legal\/epc\/2020\/convention.html\"><span data-contrast=\"none\">https:\/\/www.epo.org\/en\/legal\/epc\/2020\/convention.html<\/span><\/a><span data-ccp-props=\"{}\"> <\/span><\/li>\n<\/ul>\n<ul>\n<li aria-setsize=\"-1\" data-leveltext=\"-\" data-font=\"Calibri\" data-listid=\"5\" data-list-defn-props=\"{\"335552541\":1,\"335559685\":720,\"335559991\":360,\"469769226\":\"Calibri\",\"469769242\":[8226],\"469777803\":\"left\",\"469777804\":\"-\",\"469777815\":\"hybridMultilevel\"}\" data-aria-posinset=\"5\" data-aria-level=\"1\"><span data-contrast=\"auto\">Uitvoeringsbesluiten EOV : <a href=\"https:\/\/www.epo.org\/en\/legal\/epc\/2020\/regulations.html\">https:\/\/www.epo.org\/en\/legal\/epc\/2020\/regulations.html<\/a><\/span><span data-ccp-props=\"{}\"> <\/span><\/li>\n<\/ul>\n<ul>\n<li aria-setsize=\"-1\" data-leveltext=\"-\" data-font=\"Calibri\" data-listid=\"5\" data-list-defn-props=\"{\"335552541\":1,\"335559685\":720,\"335559991\":360,\"469769226\":\"Calibri\",\"469769242\":[8226],\"469777803\":\"left\",\"469777804\":\"-\",\"469777815\":\"hybridMultilevel\"}\" data-aria-posinset=\"6\" data-aria-level=\"1\"><span data-contrast=\"auto\">Besluiten taksen: <\/span><a href=\"https:\/\/www.epo.org\/en\/legal\/epc\/2020\/rfees.html\"><span data-contrast=\"none\">https:\/\/www.epo.org\/en\/legal\/epc\/2020\/rfees.html<\/span><\/a><span data-ccp-props=\"{}\"> <\/span><\/li>\n<\/ul>\n<ul>\n<li aria-setsize=\"-1\" data-leveltext=\"-\" data-font=\"Calibri\" data-listid=\"5\" data-list-defn-props=\"{\"335552541\":1,\"335559685\":720,\"335559991\":360,\"469769226\":\"Calibri\",\"469769242\":[8226],\"469777803\":\"left\",\"469777804\":\"-\",\"469777815\":\"hybridMultilevel\"}\" data-aria-posinset=\"7\" data-aria-level=\"1\"><span data-contrast=\"auto\">EU-Verordening nr. 1257\/2012 m.b.t. eenheidsoctrooibescherming: <\/span><a href=\"https:\/\/www.epo.org\/en\/legal\/up-upc\/2022\/eu20121257.html\"><span data-contrast=\"none\">https:\/\/www.epo.org\/en\/legal\/up-upc\/2022\/eu20121257.html<\/span><\/a><span data-contrast=\"auto\"> <\/span><span data-ccp-props=\"{}\"> <\/span><\/li>\n<\/ul>\n<ul>\n<li aria-setsize=\"-1\" data-leveltext=\"-\" data-font=\"Calibri\" data-listid=\"5\" data-list-defn-props=\"{\"335552541\":1,\"335559685\":720,\"335559991\":360,\"469769226\":\"Calibri\",\"469769242\":[8226],\"469777803\":\"left\",\"469777804\":\"-\",\"469777815\":\"hybridMultilevel\"}\" data-aria-posinset=\"8\" data-aria-level=\"1\"><span data-contrast=\"auto\">EU-Verordening nr. 1260\/2012 m.b.t. vertaalregelingen in het kader van eenheidsoctrooibescherming: <\/span><a href=\"https:\/\/www.epo.org\/en\/legal\/up-upc\/2022\/eu20121260.html\"><span data-contrast=\"none\">https:\/\/www.epo.org\/en\/legal\/up-upc\/2022\/eu20121260.html<\/span><\/a><span data-contrast=\"auto\"> <\/span><span data-ccp-props=\"{}\"> <\/span><\/li>\n<\/ul>\n<ul>\n<li aria-setsize=\"-1\" data-leveltext=\"-\" data-font=\"Calibri\" data-listid=\"5\" data-list-defn-props=\"{\"335552541\":1,\"335559685\":720,\"335559991\":360,\"469769226\":\"Calibri\",\"469769242\":[8226],\"469777803\":\"left\",\"469777804\":\"-\",\"469777815\":\"hybridMultilevel\"}\" data-aria-posinset=\"9\" data-aria-level=\"1\"><span data-contrast=\"auto\">Uitvoeringsbesluiten met betrekking tot eenheidsoctrooibescherming: <\/span><a href=\"https:\/\/www.epo.org\/en\/legal\/up-upc\/2022\/upr.html\"><span data-contrast=\"none\">https:\/\/www.epo.org\/en\/legal\/up-upc\/2022\/upr.html<\/span><\/a><span data-ccp-props=\"{}\"> <\/span><\/li>\n<\/ul>\n<ul>\n<li aria-setsize=\"-1\" data-leveltext=\"-\" data-font=\"Calibri\" data-listid=\"5\" data-list-defn-props=\"{\"335552541\":1,\"335559685\":720,\"335559991\":360,\"469769226\":\"Calibri\",\"469769242\":[8226],\"469777803\":\"left\",\"469777804\":\"-\",\"469777815\":\"hybridMultilevel\"}\" data-aria-posinset=\"10\" data-aria-level=\"1\"><span data-contrast=\"auto\">Uitvoeringsbesluiten met betrekking tot taksen voor eenheidsoctrooibescherming: <\/span><a href=\"https:\/\/www.epo.org\/en\/legal\/up-upc\/2022\/upf.html\"><span data-contrast=\"none\">https:\/\/www.epo.org\/en\/legal\/up-upc\/2022\/upf.html<\/span><\/a><\/li>\n<\/ul>\n<p>[\/vc_column_text][\/vc_column_inner][\/vc_row_inner][vc_column_text css=&#8221;&#8221;]<\/p>\n<h4 aria-level=\"2\"><span data-contrast=\"none\">Handhaven van een octrooi in Belgi\u00eb<\/span><span data-ccp-props=\"{\"134245418\":true,\"134245529\":true,\"335559738\":40,\"335559739\":0}\"> <\/span><\/h4>\n<p><span data-contrast=\"auto\">Naargelang het type octrooi, zijn verschillende rechtbanken bevoegd om kennis te nemen van geschillen met betrekking tot inbreuk op een octrooi in Belgi\u00eb.<\/span><span data-ccp-props=\"{}\"> <\/span><\/p>\n<p><span data-contrast=\"auto\">Voor een Belgisch octrooi moet een vordering wegens inbreuk worden gebracht voor de Ondernemingsrechtbank van Brussel, die een exclusieve bevoegdheid heeft voor het gehele Belgische grondgebied (Art. 574, 15\u00b0 en Art. 633quinquies, \u00a71 Ger.W.).<\/span><span data-ccp-props=\"{}\"> <\/span><\/p>\n<p><span data-contrast=\"auto\">Voor het Belgische luik van een Europees octrooi is er tot 2030 nog keuze tussen de Ondernemingsrechtbank van Brussel en het Eengemaakt Octrooigerecht (Unified Patent Court, oftewel UPC) (Art. 83(1) UPC-A). Deze keuzemogelijkheid geldt echter niet wanneer een zogeheten \u201copt-out\u201d verzoek is ingediend voor het betreffende octrooi, waardoor uitsluitend de Ondernemingsrechtbank van Brussel bevoegd wordt (Art. 83(3) UPC-A).   <\/span><span data-contrast=\"auto\"> <\/span><span data-ccp-props=\"{}\"> <\/span><\/p>\n<p><span data-contrast=\"auto\">Vorderingen wegens inbreuk op een Europees octrooi met eenheidswerking (zogeheten \u201cUnitary Patent\u201d) moeten worden gebracht voor het Eengemaakt Octrooigerecht. Het Eengemaakt Octrooigerecht is een internationale rechtbank met centrale afdelingen in Parijs (FR), M\u00fcnchen (DE) en Milaan (IT), maar met ook lokale afdelingen waarvan \u00e9\u00e9n in Brussel. <\/span><span data-ccp-props=\"{}\"> <\/span><\/p>\n<p>In Belgi\u00eb is het mogelijk om een vermeende inbreuk op een octrooi te laten vaststellen door middel van een (beschrijvend) beslag inzake namaak. Dit is een eenzijdige, niet tegensprekelijke procedure waarbij een deskundige overgaat tot de beschrijving van alle voorwerpen, elementen, documenten of werkwijzen die de beweerde namaak, alsook de oorsprong, de bestemming en de omvang ervan aantonen. Het beslag inzake namaak kan overal worden uitgevoerd. De voorzitter van de Ondernemingsrechtbank van Brussel oordeelt over het verzoek tot verkrijging van een (beschrijvend) beslag inzake namaak. In uitzonderlijke gevallen kunnen ook beslagmaatregelen worden opgelegd (Art. 1369bis\/1-1369bis\/10 Ger.W.).<span data-ccp-props=\"{}\"> <\/span><\/p>\n<p>&nbsp;<\/p>\n<ul>\n<li aria-setsize=\"-1\" data-leveltext=\"-\" data-font=\"Calibri\" data-listid=\"5\" data-list-defn-props=\"{\"335552541\":1,\"335559685\":720,\"335559991\":360,\"469769226\":\"Calibri\",\"469769242\":[8226],\"469777803\":\"left\",\"469777804\":\"-\",\"469777815\":\"hybridMultilevel\"}\" data-aria-posinset=\"11\" data-aria-level=\"1\"><span data-contrast=\"auto\">Gerechtelijk Wetboek, Deel III (Bevoegdheid): <\/span><a href=\"https:\/\/www.ejustice.just.fgov.be\/eli\/wet\/1967\/10\/10\/1967101054\/justel\"><span data-contrast=\"none\">https:\/\/www.ejustice.just.fgov.be\/eli\/wet\/1967\/10\/10\/1967101054\/justel<\/span><\/a><span data-ccp-props=\"{}\"> <\/span><\/li>\n<\/ul>\n<ul>\n<li aria-setsize=\"-1\" data-leveltext=\"-\" data-font=\"Calibri\" data-listid=\"5\" data-list-defn-props=\"{\"335552541\":1,\"335559685\":720,\"335559991\":360,\"469769226\":\"Calibri\",\"469769242\":[8226],\"469777803\":\"left\",\"469777804\":\"-\",\"469777815\":\"hybridMultilevel\"}\" data-aria-posinset=\"12\" data-aria-level=\"1\"><span data-contrast=\"auto\">Gerechtelijk Wetboek, Deel IV (Burgerlijke Rechtspleging): <\/span><a href=\"https:\/\/www.ejustice.just.fgov.be\/eli\/wet\/1967\/10\/10\/1967101055\/justel\"><span data-contrast=\"none\">https:\/\/www.ejustice.just.fgov.be\/eli\/wet\/1967\/10\/10\/1967101055\/justel<\/span><\/a><span data-ccp-props=\"{}\"> <\/span><\/li>\n<\/ul>\n<ul>\n<li aria-setsize=\"-1\" data-leveltext=\"-\" data-font=\"Calibri\" data-listid=\"5\" data-list-defn-props=\"{\"335552541\":1,\"335559685\":720,\"335559991\":360,\"469769226\":\"Calibri\",\"469769242\":[8226],\"469777803\":\"left\",\"469777804\":\"-\",\"469777815\":\"hybridMultilevel\"}\" data-aria-posinset=\"13\" data-aria-level=\"1\"><span data-contrast=\"auto\">Overeenkomst met betrekking tot een Eengemaakt Octrooigerecht (UPC-A): <\/span><a href=\"https:\/\/www.epo.org\/en\/legal\/up-upc\/2022\/upca.html\"><span data-contrast=\"none\">https:\/\/www.epo.org\/en\/legal\/up-upc\/2022\/upca.html<\/span><\/a><span data-ccp-props=\"{}\"> <\/span><\/li>\n<\/ul>\n<p>[\/vc_column_text][\/vc_column][\/vc_row]<\/p>\n<\/div>","protected":false},"excerpt":{"rendered":"[vc_row][vc_column][vc_column_text] Verkrijgen en handhaven van octrooien in Belgi\u00eb [\/vc_column_text][vc_column_text css=&#8221;&#8221;] Verkrijgen van een octrooi in Belgi\u00eb [\/vc_column_text][vc_column_text css=&#8221;&#8221;]Er zijn twee manieren om octrooibescherming in Belgi\u00eb te verkrijgen: &#8211; Door het aanvragen van een Belgisch octrooi, of &#8211; Door het verkrijgen van een Europees octrooi, en de nodige stappen ondernemen om het Europese octrooi uitwerking te&#8230; <a class=\"view-article\" href=\"https:\/\/belgiumpatent.be\/nl\/wet-reglement\/patent-law\/\">Bekijk Artikel<\/a>","protected":false},"author":5,"featured_media":0,"parent":490,"menu_order":0,"comment_status":"closed","ping_status":"closed","template":"","meta":{"_acf_changed":false,"footnotes":""},"class_list":["post-526","page","type-page","status-publish","hentry"],"acf":[],"_links":{"self":[{"href":"https:\/\/belgiumpatent.be\/nl\/wp-json\/wp\/v2\/pages\/526","targetHints":{"allow":["GET"]}}],"collection":[{"href":"https:\/\/belgiumpatent.be\/nl\/wp-json\/wp\/v2\/pages"}],"about":[{"href":"https:\/\/belgiumpatent.be\/nl\/wp-json\/wp\/v2\/types\/page"}],"author":[{"embeddable":true,"href":"https:\/\/belgiumpatent.be\/nl\/wp-json\/wp\/v2\/users\/5"}],"replies":[{"embeddable":true,"href":"https:\/\/belgiumpatent.be\/nl\/wp-json\/wp\/v2\/comments?post=526"}],"version-history":[{"count":15,"href":"https:\/\/belgiumpatent.be\/nl\/wp-json\/wp\/v2\/pages\/526\/revisions"}],"predecessor-version":[{"id":1660,"href":"https:\/\/belgiumpatent.be\/nl\/wp-json\/wp\/v2\/pages\/526\/revisions\/1660"}],"up":[{"embeddable":true,"href":"https:\/\/belgiumpatent.be\/nl\/wp-json\/wp\/v2\/pages\/490"}],"wp:attachment":[{"href":"https:\/\/belgiumpatent.be\/nl\/wp-json\/wp\/v2\/media?parent=526"}],"curies":[{"name":"wp","href":"https:\/\/api.w.org\/{rel}","templated":true}]}}