{"id":373,"date":"2026-02-23T11:36:59","date_gmt":"2026-02-23T11:36:59","guid":{"rendered":"https:\/\/belgiumpatent.be\/institut\/"},"modified":"2026-03-01T19:39:45","modified_gmt":"2026-03-01T19:39:45","slug":"institut","status":"publish","type":"page","link":"https:\/\/belgiumpatent.be\/nl\/institut\/","title":{"rendered":"L&#8217;institut"},"content":{"rendered":"<div class=\"wpb-content-wrapper\"><p>[vc_row][vc_column width=&#8221;1\/6&#8243;][\/vc_column][vc_column width=&#8221;2\/3&#8243;][vc_column_text css=&#8221;&#8221;]<\/p>\n<h3 style=\"text-align: center;\">Commissies<\/h3>\n<p>[\/vc_column_text][vc_column_text css=&#8221;&#8221;]<\/p>\n<p style=\"text-align: center;\">De verschillende commissies zorgen voor de dagelijkse ondersteuning van de Raad en dragen zo bij aan een vlotte werking van het Instituut. De Commissies hebben een consultatieve rol en geven advies aan de Raad, op basis daarvan kan de Raad beslissingen nemen. De commissies staan open voor alle leden en dragen zo bij aan de betrokkenheid van de leden bij het Instituut.<\/p>\n<p>[\/vc_column_text][vc_empty_space][\/vc_column][vc_column width=&#8221;1\/6&#8243;][\/vc_column][\/vc_row][vc_row equal_height=&#8221;yes&#8221; content_placement=&#8221;top&#8221; disable_element=&#8221;yes&#8221;][vc_column width=&#8221;1\/2&#8243; el_class=&#8221;white&#8221;][vc_column_text css=&#8221;&#8221;]<\/p>\n<h3 style=\"text-align: center;\">Loi &amp; R\u00e9glement<\/h3>\n<p style=\"text-align: center;\">L\u2019institut et ses membres sont soumis \u00e0 un certain nombre de dispositions l\u00e9gales.<\/p>\n<p style=\"text-align: center;\">Vous trouverez ici les lois pertinentes ainsi que les r\u00e8glements internes qui encadrent notre organisation et nos proc\u00e9dures.<\/p>\n<p>[\/vc_column_text][vc_raw_html css=&#8221;&#8221;]JTNDYSUyMGhyZWYlM0QlMjIlMjMlMjIlMjBjbGFzcyUzRCUyMmJ1dHRvbiUyMGJ1dHRvbi0td2hpdGUlMjIlM0VBbGxlciUyMHN1ciUyMExvaSUyMCUyNiUyMFIlQzMlQTlnbGVtZW50JTNDJTJGYSUzRQ==[\/vc_raw_html][\/vc_column][vc_column width=&#8221;1\/2&#8243; el_class=&#8221;white&#8221;][vc_column_text css=&#8221;&#8221;]<\/p>\n<h3 style=\"text-align: center;\">Fiches d\u2019information<\/h3>\n<p style=\"text-align: center;\">Ces fiches offrent un aper\u00e7u pratique et concis du titre prot\u00e9g\u00e9, du droit de parole et de l\u2019assurance.<\/p>\n<p>[\/vc_column_text][vc_raw_html css=&#8221;&#8221;]JTNDYSUyMGhyZWYlM0QlMjIlMjMlMjIlMjBjbGFzcyUzRCUyMmJ1dHRvbiUyMGJ1dHRvbi0td2hpdGUlMjIlM0VBbGxlciUyMHN1ciUyMExvaSUyMCUyNiUyMFIlQzMlQTlnbGVtZW50JTNDJTJGYSUzRQ==[\/vc_raw_html][\/vc_column][\/vc_row]<\/p>\n<\/div>","protected":false},"excerpt":{"rendered":"[vc_row][vc_column width=&#8221;1\/6&#8243;][\/vc_column][vc_column width=&#8221;2\/3&#8243;][vc_column_text css=&#8221;&#8221;] Commissies [\/vc_column_text][vc_column_text css=&#8221;&#8221;] De verschillende commissies zorgen voor de dagelijkse ondersteuning van de Raad en dragen zo bij aan een vlotte werking van het Instituut. De Commissies hebben een consultatieve rol en geven advies aan de Raad, op basis daarvan kan de Raad beslissingen nemen. De commissies staan open voor alle&#8230; <a class=\"view-article\" href=\"https:\/\/belgiumpatent.be\/nl\/institut\/\">Bekijk Artikel<\/a>","protected":false},"author":5,"featured_media":0,"parent":0,"menu_order":0,"comment_status":"closed","ping_status":"closed","template":"","meta":{"_acf_changed":false,"footnotes":""},"class_list":["post-373","page","type-page","status-publish","hentry"],"acf":[],"_links":{"self":[{"href":"https:\/\/belgiumpatent.be\/nl\/wp-json\/wp\/v2\/pages\/373","targetHints":{"allow":["GET"]}}],"collection":[{"href":"https:\/\/belgiumpatent.be\/nl\/wp-json\/wp\/v2\/pages"}],"about":[{"href":"https:\/\/belgiumpatent.be\/nl\/wp-json\/wp\/v2\/types\/page"}],"author":[{"embeddable":true,"href":"https:\/\/belgiumpatent.be\/nl\/wp-json\/wp\/v2\/users\/5"}],"replies":[{"embeddable":true,"href":"https:\/\/belgiumpatent.be\/nl\/wp-json\/wp\/v2\/comments?post=373"}],"version-history":[{"count":1,"href":"https:\/\/belgiumpatent.be\/nl\/wp-json\/wp\/v2\/pages\/373\/revisions"}],"predecessor-version":[{"id":374,"href":"https:\/\/belgiumpatent.be\/nl\/wp-json\/wp\/v2\/pages\/373\/revisions\/374"}],"wp:attachment":[{"href":"https:\/\/belgiumpatent.be\/nl\/wp-json\/wp\/v2\/media?parent=373"}],"curies":[{"name":"wp","href":"https:\/\/api.w.org\/{rel}","templated":true}]}}